{"id":111563,"date":"2022-12-20T09:02:00","date_gmt":"2022-12-20T09:02:00","guid":{"rendered":"https:\/\/knowledge-hub.ramtechglobal.com\/?page_id=111563"},"modified":"2023-02-17T10:01:02","modified_gmt":"2023-02-17T10:01:02","slug":"wes3-sector-sheets","status":"publish","type":"page","link":"https:\/\/knowledge.ramtechglobal.com\/fr\/int\/literature\/wes3-sector-sheets\/","title":{"rendered":"Fiches sectorielles WES3"},"content":{"rendered":"<div class=\"wpb-content-wrapper\"><div data-parent=\"true\" class=\"vc_row row-container onepage-section\" data-label=\"product_videos\" data-name=\"product_videos\" id=\"row-unique-0\"><div class=\"row col-double-gutter double-top-padding double-bottom-padding single-h-padding limit-width row-parent\" data-height-ratio=\"60\"><div class=\"wpb_row row-inner\"><div class=\"wpb_column pos-top pos-center align_left column_parent col-lg-12 half-internal-gutter\"><div class=\"uncol style-light\"  ><div class=\"uncoltable\"><div class=\"uncell no-block-padding\" ><div class=\"uncont\" ><div class=\"vc_row row-internal row-container\"><div class=\"row row-child\"><div class=\"wpb_row row-inner\"><div class=\"wpb_column pos-top pos-center align_left column_child col-lg-12 single-internal-gutter\"><div class=\"uncol style-light\" ><div class=\"uncoltable\"><div class=\"uncell no-block-padding\" ><div class=\"uncont\" ><div class=\"uncode_text_column\" ><p>International\u00a0<span style=\"color: #e74011;\">\/<\/span> Litt\u00e9rature<\/p>\n<\/div><\/div><\/div><\/div><\/div><\/div><\/div><\/div><\/div><div class=\"vc_row row-internal row-container\"><div class=\"row row-child\"><div class=\"wpb_row row-inner\"><div class=\"wpb_column pos-top pos-center align_left column_child col-lg-12 single-internal-gutter\"><div class=\"uncol style-light\" ><div class=\"uncoltable\"><div class=\"uncell no-block-padding\" ><div class=\"uncont\" ><div class=\"vc_custom_heading_wrap\"><div class=\"heading-text el-text\" ><h3 class=\"h5 text-accent-color\" ><span>Fiches sectorielles WES3<\/span><\/h3><\/div><div class=\"clear\"><\/div><\/div><div class=\"empty-space empty-single\" ><span class=\"empty-space-inner\"><\/span><\/div>\n<\/div><\/div><\/div><\/div><\/div><\/div><\/div><\/div><div class=\"vc_row row-internal row-container\"><div class=\"row row-child\"><div class=\"wpb_row row-inner\"><div class=\"wpb_column pos-top pos-center align_left column_child col-lg-4 half-internal-gutter\"><div class=\"uncol style-light\" ><div class=\"uncoltable\"><div class=\"uncell no-block-padding\" ><div class=\"uncont\" ><div class=\"icon-box icon-box-left icon-box-space-reduced\" ><div class=\"icon-box-icon fa-container\" style=\"width:18px;\" ><a role=\"button\" href=\"https:\/\/rt-staging-files.s3.amazonaws.com\/downloads\/pdf\/sector_sheet_aggregate_industry.pdf\" title=\"T\u00e9l\u00e9charger\" aria-label=\"T\u00e9l\u00e9charger\" target=\"_blank\" class=\"text-default-color custom-link\"><span id=\"icon-173097\" style=\"width:27px\" class=\"icon-media\"><img decoding=\"async\" src=\"https:\/\/knowledge.ramtechglobal.com\/wp-content\/uploads\/icon_pdfs.svg\" alt=\"\" \/><\/span><\/a><\/div><div class=\"icon-box-content\"><div class=\"icon-box-heading\"><h4 class=\"fontsize-107607 font-weight-500\"><a role=\"button\" href=\"https:\/\/rt-staging-files.s3.amazonaws.com\/downloads\/pdf\/sector_sheet_aggregate_industry.pdf\" title=\"T\u00e9l\u00e9charger\" aria-label=\"T\u00e9l\u00e9charger\" target=\"_blank\">Industrie des granulats<\/a><\/h4><\/div><\/div><\/div><div class=\"icon-box icon-box-left icon-box-space-reduced\" ><div class=\"icon-box-icon fa-container\" style=\"width:18px;\" ><a role=\"button\" href=\"https:\/\/rt-staging-files.s3.amazonaws.com\/downloads\/pdf\/sector_sheet_industrial_sites.pdf\" title=\"T\u00e9l\u00e9charger\" aria-label=\"T\u00e9l\u00e9charger\" target=\"_blank\" class=\"text-default-color custom-link\"><span id=\"icon-604903\" style=\"width:27px\" class=\"icon-media\"><img decoding=\"async\" src=\"https:\/\/knowledge.ramtechglobal.com\/wp-content\/uploads\/icon_pdfs.svg\" alt=\"\" \/><\/span><\/a><\/div><div class=\"icon-box-content\"><div class=\"icon-box-heading\"><h4 class=\"fontsize-107607 font-weight-500\"><a role=\"button\" href=\"https:\/\/rt-staging-files.s3.amazonaws.com\/downloads\/pdf\/sector_sheet_industrial_sites.pdf\" title=\"T\u00e9l\u00e9charger\" aria-label=\"T\u00e9l\u00e9charger\" target=\"_blank\">Sites industriels<\/a><\/h4><\/div><\/div><\/div><div class=\"icon-box icon-box-left icon-box-space-reduced\" ><div class=\"icon-box-icon fa-container\" style=\"width:18px;\" ><a role=\"button\" href=\"https:\/\/rt-staging-files.s3.amazonaws.com\/downloads\/pdf\/sector_sheet_temporary_system.pdf\" title=\"T\u00e9l\u00e9charger\" aria-label=\"T\u00e9l\u00e9charger\" target=\"_blank\" class=\"text-default-color custom-link\"><span id=\"icon-115675\" style=\"width:27px\" class=\"icon-media\"><img decoding=\"async\" src=\"https:\/\/knowledge.ramtechglobal.com\/wp-content\/uploads\/icon_pdfs.svg\" alt=\"\" \/><\/span><\/a><\/div><div class=\"icon-box-content\"><div class=\"icon-box-heading\"><h4 class=\"fontsize-107607 font-weight-500\"><a role=\"button\" href=\"https:\/\/rt-staging-files.s3.amazonaws.com\/downloads\/pdf\/sector_sheet_temporary_system.pdf\" title=\"T\u00e9l\u00e9charger\" aria-label=\"T\u00e9l\u00e9charger\" target=\"_blank\">Syst\u00e8me temporaire<\/a><\/h4><\/div><\/div><\/div><\/div><\/div><\/div><\/div><\/div><div class=\"wpb_column pos-top pos-center align_left column_child col-lg-4 half-internal-gutter\"><div class=\"uncol style-light\" ><div class=\"uncoltable\"><div class=\"uncell no-block-padding\" ><div class=\"uncont\" ><div class=\"icon-box icon-box-left icon-box-space-reduced\" ><div class=\"icon-box-icon fa-container\" style=\"width:18px;\" ><a role=\"button\" href=\"https:\/\/rt-staging-files.s3.amazonaws.com\/downloads\/pdf\/sector_sheet_agricultural_properties.pdf\" title=\"T\u00e9l\u00e9charger\" aria-label=\"T\u00e9l\u00e9charger\" target=\"_blank\" class=\"text-default-color custom-link\"><span id=\"icon-293613\" style=\"width:27px\" class=\"icon-media\"><img decoding=\"async\" src=\"https:\/\/knowledge.ramtechglobal.com\/wp-content\/uploads\/icon_pdfs.svg\" alt=\"\" \/><\/span><\/a><\/div><div class=\"icon-box-content\"><div class=\"icon-box-heading\"><h4 class=\"fontsize-107607 font-weight-500\"><a role=\"button\" href=\"https:\/\/rt-staging-files.s3.amazonaws.com\/downloads\/pdf\/sector_sheet_agricultural_properties.pdf\" title=\"T\u00e9l\u00e9charger\" aria-label=\"T\u00e9l\u00e9charger\" target=\"_blank\">Propri\u00e9t\u00e9s agricoles<\/a><\/h4><\/div><\/div><\/div><div class=\"icon-box icon-box-left icon-box-space-reduced\" ><div class=\"icon-box-icon fa-container\" style=\"width:18px;\" ><a role=\"button\" href=\"https:\/\/rt-staging-files.s3.amazonaws.com\/downloads\/pdf\/sector_sheet_ship_yards.pdf\" title=\"T\u00e9l\u00e9charger\" aria-label=\"T\u00e9l\u00e9charger\" target=\"_blank\" class=\"text-default-color custom-link\"><span id=\"icon-122190\" style=\"width:27px\" class=\"icon-media\"><img decoding=\"async\" src=\"https:\/\/knowledge.ramtechglobal.com\/wp-content\/uploads\/icon_pdfs.svg\" alt=\"\" \/><\/span><\/a><\/div><div class=\"icon-box-content\"><div class=\"icon-box-heading\"><h4 class=\"fontsize-107607 font-weight-500\"><a role=\"button\" href=\"https:\/\/rt-staging-files.s3.amazonaws.com\/downloads\/pdf\/sector_sheet_ship_yards.pdf\" title=\"T\u00e9l\u00e9charger\" aria-label=\"T\u00e9l\u00e9charger\" target=\"_blank\">Chantiers navals<\/a><\/h4><\/div><\/div><\/div><div class=\"icon-box icon-box-left icon-box-space-reduced\" ><div class=\"icon-box-icon fa-container\" style=\"width:18px;\" ><a role=\"button\" href=\"https:\/\/rt-staging-files.s3.amazonaws.com\/downloads\/pdf\/sector_sheet_void_vacant.pdf\" title=\"T\u00e9l\u00e9charger\" aria-label=\"T\u00e9l\u00e9charger\" target=\"_blank\" class=\"text-default-color custom-link\"><span id=\"icon-173516\" style=\"width:27px\" class=\"icon-media\"><img decoding=\"async\" src=\"https:\/\/knowledge.ramtechglobal.com\/wp-content\/uploads\/icon_pdfs.svg\" alt=\"\" \/><\/span><\/a><\/div><div class=\"icon-box-content\"><div class=\"icon-box-heading\"><h4 class=\"fontsize-107607 font-weight-500\"><a role=\"button\" href=\"https:\/\/rt-staging-files.s3.amazonaws.com\/downloads\/pdf\/sector_sheet_void_vacant.pdf\" title=\"T\u00e9l\u00e9charger\" aria-label=\"T\u00e9l\u00e9charger\" target=\"_blank\">Propri\u00e9t\u00e9s vacantes<\/a><\/h4><\/div><\/div><\/div><\/div><\/div><\/div><\/div><\/div><div class=\"wpb_column pos-top pos-center align_left column_child col-lg-4 half-internal-gutter\"><div class=\"uncol style-light\" ><div class=\"uncoltable\"><div class=\"uncell no-block-padding\" ><div class=\"uncont\" ><div class=\"icon-box icon-box-left icon-box-space-reduced\" ><div class=\"icon-box-icon fa-container\" style=\"width:18px;\" ><a role=\"button\" href=\"https:\/\/rt-staging-files.s3.amazonaws.com\/downloads\/pdf\/sector_sheet_heritage_buildings.pdf\" title=\"T\u00e9l\u00e9charger\" aria-label=\"T\u00e9l\u00e9charger\" target=\"_blank\" class=\"text-default-color custom-link\"><span id=\"icon-184638\" style=\"width:27px\" class=\"icon-media\"><img decoding=\"async\" src=\"https:\/\/knowledge.ramtechglobal.com\/wp-content\/uploads\/icon_pdfs.svg\" alt=\"\" \/><\/span><\/a><\/div><div class=\"icon-box-content\"><div class=\"icon-box-heading\"><h4 class=\"fontsize-107607 font-weight-500\"><a role=\"button\" href=\"https:\/\/rt-staging-files.s3.amazonaws.com\/downloads\/pdf\/sector_sheet_heritage_buildings.pdf\" title=\"T\u00e9l\u00e9charger\" aria-label=\"T\u00e9l\u00e9charger\" target=\"_blank\">B\u00e2timents du patrimoine<\/a><\/h4><\/div><\/div><\/div><div class=\"icon-box icon-box-left icon-box-space-reduced\" ><div class=\"icon-box-icon fa-container\" style=\"width:18px;\" ><a role=\"button\" href=\"https:\/\/rt-staging-files.s3.amazonaws.com\/downloads\/pdf\/sector_sheet_temporary_modular_buildings.pdf\" title=\"T\u00e9l\u00e9charger\" aria-label=\"T\u00e9l\u00e9charger\" target=\"_blank\" class=\"text-default-color custom-link\"><span id=\"icon-248217\" style=\"width:27px\" class=\"icon-media\"><img decoding=\"async\" src=\"https:\/\/knowledge.ramtechglobal.com\/wp-content\/uploads\/icon_pdfs.svg\" alt=\"\" \/><\/span><\/a><\/div><div class=\"icon-box-content\"><div class=\"icon-box-heading\"><h4 class=\"fontsize-107607 font-weight-500\"><a role=\"button\" href=\"https:\/\/rt-staging-files.s3.amazonaws.com\/downloads\/pdf\/sector_sheet_temporary_modular_buildings.pdf\" title=\"T\u00e9l\u00e9charger\" aria-label=\"T\u00e9l\u00e9charger\" target=\"_blank\">B\u00e2timents modulaires temporaires<\/a><\/h4><\/div><\/div><\/div><\/div><\/div><\/div><\/div><\/div><\/div><\/div><\/div><\/div><\/div><\/div><\/div><\/div><script id=\"script-row-unique-0\" data-row=\"script-row-unique-0\" type=\"text\/javascript\" class=\"vc_controls\">UNCODE.initRow(document.getElementById(\"row-unique-0\"));<\/script><\/div><\/div><\/div>\n<\/div>","protected":false},"excerpt":{"rendered":"International \/ Litt\u00e9rature Fiches secteur WES3 Industrie agr\u00e9g\u00e9e Sites industriels Syst\u00e8me temporaire Propri\u00e9t\u00e9s agricoles Chantiers navals Propri\u00e9t\u00e9s vides et vacantes B\u00e2timents patrimoniaux B\u00e2timents modulaires temporaires","protected":false},"author":4,"featured_media":0,"parent":111565,"menu_order":0,"comment_status":"closed","ping_status":"closed","template":"","meta":{"footnotes":""},"class_list":["post-111563","page","type-page","status-publish","hentry"],"_links":{"self":[{"href":"https:\/\/knowledge.ramtechglobal.com\/fr\/wp-json\/wp\/v2\/pages\/111563","targetHints":{"allow":["GET"]}}],"collection":[{"href":"https:\/\/knowledge.ramtechglobal.com\/fr\/wp-json\/wp\/v2\/pages"}],"about":[{"href":"https:\/\/knowledge.ramtechglobal.com\/fr\/wp-json\/wp\/v2\/types\/page"}],"author":[{"embeddable":true,"href":"https:\/\/knowledge.ramtechglobal.com\/fr\/wp-json\/wp\/v2\/users\/4"}],"replies":[{"embeddable":true,"href":"https:\/\/knowledge.ramtechglobal.com\/fr\/wp-json\/wp\/v2\/comments?post=111563"}],"version-history":[{"count":4,"href":"https:\/\/knowledge.ramtechglobal.com\/fr\/wp-json\/wp\/v2\/pages\/111563\/revisions"}],"predecessor-version":[{"id":111709,"href":"https:\/\/knowledge.ramtechglobal.com\/fr\/wp-json\/wp\/v2\/pages\/111563\/revisions\/111709"}],"up":[{"embeddable":true,"href":"https:\/\/knowledge.ramtechglobal.com\/fr\/wp-json\/wp\/v2\/pages\/111565"}],"wp:attachment":[{"href":"https:\/\/knowledge.ramtechglobal.com\/fr\/wp-json\/wp\/v2\/media?parent=111563"}],"curies":[{"name":"wp","href":"https:\/\/api.w.org\/{rel}","templated":true}]}}